{"id":2919,"date":"2023-08-09T18:47:55","date_gmt":"2023-08-09T15:47:55","guid":{"rendered":"https:\/\/sunsetfestival.ro\/?page_id=2919"},"modified":"2023-08-09T20:09:50","modified_gmt":"2023-08-09T17:09:50","slug":"event-rules-insert-ro","status":"publish","type":"page","link":"https:\/\/sunsetfestival.ro\/en\/event-rules-insert-ro\/","title":{"rendered":"Event rules insert (RO)"},"content":{"rendered":"\t\t<div data-elementor-type=\"wp-page\" data-elementor-id=\"2919\" class=\"elementor elementor-2919\" data-elementor-post-type=\"page\">\n\t\t\t\t\t\t<div class=\"elementor-inner\">\n\t\t\t\t<div class=\"elementor-section-wrap\">\n\t\t\t\t\t\t\t\t\t<section class=\"elementor-section elementor-top-section elementor-element elementor-element-26882ba elementor-section-boxed elementor-section-height-default elementor-section-height-default\" data-id=\"26882ba\" data-element_type=\"section\">\n\t\t\t\t\t\t<div class=\"elementor-container elementor-column-gap-default\">\n\t\t\t\t\t\t\t<div class=\"elementor-row\">\n\t\t\t\t\t<div class=\"elementor-column elementor-col-100 elementor-top-column elementor-element elementor-element-ca93a36\" data-id=\"ca93a36\" data-element_type=\"column\">\n\t\t\t<div class=\"elementor-column-wrap elementor-element-populated\">\n\t\t\t\t\t\t\t<div class=\"elementor-widget-wrap\">\n\t\t\t\t\t\t<div class=\"elementor-element elementor-element-b5e8e19 elementor-widget elementor-widget-heading\" data-id=\"b5e8e19\" data-element_type=\"widget\" data-widget_type=\"heading.default\">\n\t\t\t\t<div class=\"elementor-widget-container\">\n\t\t\t<h2 class=\"elementor-heading-title elementor-size-default\">Event rules insert (RO)<\/h2>\t\t<\/div>\n\t\t\t\t<\/div>\n\t\t\t\t<div class=\"elementor-element elementor-element-db001f8 elementor-widget elementor-widget-text-editor\" data-id=\"db001f8\" data-element_type=\"widget\" data-widget_type=\"text-editor.default\">\n\t\t\t\t<div class=\"elementor-widget-container\">\n\t\t\t\t\t\t\t\t<div class=\"elementor-text-editor elementor-clearfix\">\n\t\t\t\t<p class=\"p1\"><b>Politica de achizit\u0326ionare \u00een cadrul Evenimentului<\/b><\/p><ol class=\"ol1\"><li class=\"li1\">In cadrul Evenimentului vor exista puncte de unde Participant\u0326ii pot achizitiona Produsele s\u0326i Serviciile puse la dispozit\u0326ie de ca\u0306tre Organizator sau Partenerii Contractuali.<\/li><li class=\"li1\">Modalitatea de plata\u0306 pentru Produsele s\u0326i Serviciile oferite \u00een cadrul Evenimentului sunt Tag-urile Payvent, sub forma unor bratari sau carduri. Tag-ul Payvent este o tehnologie RFID bazata\u0306 pe tehnologia de plata\u0306 fa\u0306ra\u0306 numerar (Cashless) furnizata de catre partenerul nostru, Payvent. Tag-ul nu cont\u0326ine informat\u0326ii confident\u0327iale referitoare la titular si nu poate fi considerat ca fiind un card de debit\/credit sau echivalent de plata\u0306 \u00een numerar.<\/li><li class=\"li1\">Prin preluarea Tag-ului Payvent, Participant\u0326ii sunt de acord cu dispozit\u0326iile de utilizare din setul de &#8220;Termeni si Conditii pentru Tag-ul Payvent&#8221;, disponibil pentru consultare <span class=\"s1\">{<\/span><span class=\"s1\">link catre TC Tag<\/span>}, parte integrata din prezentul Regulament, s\u0326i le accepta\u0306 as\u0327a cum sunt acestea enunt\u0327ate.<\/li><li class=\"li1\">Tag-ul Payvent este singura modalitate de plata\u0306 \u00een cadrul Evenimentului s\u0326i are un singur sold de cont individual si poate fi utilizat numai pentru pla\u0306t\u0326ile fa\u0306ra\u0306 numerar la Eveniment, Participant\u0326ii au obligat\u0326ia sa\u0306 foloseasca\u0306 la Eveniment doar metodele s\u0326i instrumentele de plata\u0306 stabilite de Organizator s\u0326i Partenerii Contractuali. Plata cu numerar \u00een perimetrul Evenimentului este strict interzis\u0103, \u00een afara zonelor stabilite \u00een prealabil de Organizator.<\/li><li class=\"li1\">(Re)Inca\u0306rcarea Tag-ului Payvent, in moneda LEU, se poate efectua prin aplicatia Payvent la fata locului, la punctele special amenajate si semnalizate, denumite Credit Points, utilizand numerar sau card bancar. Incarcarea Tag-ului da dreptul posesorilor de a achizitiona Produse s\u0327i Servicii disponibile \u00een cadrul Evenimentului.<\/li><li class=\"li1\">In urma (re)incarcarii, conversia este: 1LEU \u2013 1 Punct Credit. Participant\u0326ii au posibilitatea sa\u0306-s\u0326i \u00eencarce Tag-ul Payvent de c\u00e2te ori doresc. Fiecare (re)\u00eenca\u0306rcare trebuie sa\u0306 aiba\u0306 o suma\u0306 minima\u0306 de 10 LEI si doar o suma multipla de 10 LEI. Valoarea maxima\u0306 a unei singure (re)\u00eenca\u0306rca\u0306ri este de 1000 RON. Pl\u00e2ngeri \u00een acest sens pot fi fa\u0306cute numai la Credit Point imediat dupa\u0306 (re)\u00eenca\u0306rcare. Dupa\u0306 pa\u0306ra\u0306sirea Credit Point, nu se accepta\u0306 pl\u00e2ngeri.<\/li><li class=\"li1\">Participantul are dreptul sa\u0306-s\u0326i verifice suma disponibila\u0306 pe Tag-ul Payvent la orice punct de vanzare al Partenerului Contractual sau al Organizatorului sau la orice Credit Point din cadrul Evenimentului.<\/li><li class=\"li1\">Pentru pla\u0306t\u0326ile prin card bancar nu este perceput niciun comision! La (re)\u00eenca\u0306rcarea cu card bancar, soldul este \u00eenca\u0306rcat \u00een LEI s\u0326i convertit \u00een valuta\u0306 implicita\u0306 a cardului de debit\/credit la cursul valutar al ba\u0306ncii emitente, pentru cardurile de debit\/credit, altele dec\u00e2t \u00een LEI<\/li><li class=\"li1\">In cadrul Evenimentului, Tag-ul Payvent este considerat un instrument de plata de tip:<span class=\"Apple-converted-space\">\u00a0<\/span><br \/><ul class=\"ul1\"><li class=\"li1\">[ ] <b>SPV (single purpose voucher = cupon cu utilizare unica<\/b>), asa cum sunt ele definite de Comisia Europeana, datorita faptului ca in schimbul Punctelor de Credit de pe instrumentul de plata, Participantii pot achizitiona doar in cadrul Evenimentului\u00a0 Servici sau Produse pentru care nu se poate determina cota de TVA. Emiterea unui bon fiscala si\/sau a unei facturi pentru Produsele sau Serviicii achizitionate in cadrul Evenimentului cade in sarcina Organizatorului.<\/li><li class=\"li1\">[ ] <b>MPV (multi-purpose voucher = cupon cu utilizare multipla\u0306)<\/b>, as\u0326a cum sunt definite de ca\u0306tre <a href=\"https:\/\/eur-lex.europa.eu\/legal-content\/EN\/TXT\/PDF\/?uri=CELEX:32016L1065&amp;from=EN\"><span class=\"s1\">Comisia Europeana<\/span><\/a>, datorita\u0306 faptului ca\u0306 \u00een schimbul Punctelor Credit de pe instrumentul de plata\u0306, participantul poate achizit\u0326iona doar in cadrul Evenimentului Servicii sau Produse care au cota\u0306 TVA diferita\u0306. \u00cen acest caz, \u00eencasarea de TVA se face la utilizarea punctelor de credit. Emiterea unui bon fiscal s\u0326i\/sau a unei facturi pentru Produsul\/Serviciul achizit\u0326ionat cade \u00een sarcina Partenerilor Contractuali.<\/li><\/ul><\/li><\/ol><p>\u00a0 \u00a0 10. \u00cen cazul \u00een care un Participant dores\u0326te factura fiscala\u0306 pentru Produsele sau Serviciile achizit\u0326ionate \u00een cadrul Evenimentului, acesta are obligat\u0326ia pa\u0306stra\u0306rii tuturor bonurilor fiscale de la fiecare Partener Contractual \u00een parte \u00een vederea solicita\u0306rii ulterioare a facturii fiscale de la respectivii Parteneri Contractuali.<\/p><p>\u00a0<\/p><p class=\"p1\"><b>Politica de Refund pentru soldul ramas neutilizat<\/b><\/p><ol class=\"ol1\"><li class=\"li1\">Soldurile r\u0103mase neutilizate pot fi preschimbate \u00een bani, prin procesul denumit Refund, doar \u00een conformitate cu prevederile din &#8220;Termenii si Conditiile pentru Payvent Tag&#8221; si cu prezentul Regulament. Va rugam sa acordati timpul necesar si sa cititi acest document.<\/li><li class=\"li1\">In cadrul Evenimentului, Organizatorul:<span class=\"Apple-converted-space\">\u00a0<\/span><br \/><ul class=\"ul1\"><li class=\"li1\">[X] <b>permite retragerea soldului neutilizat<\/b><\/li><li class=\"li1\">Procedura de Refund \u00een locat\u0326ia Evenimentului consta\u0306 \u00een returnarea sumelor ra\u0306mase pe Tag-ul Payvent, exclusiv in numerar, la oricare dintre Credit Points din perimetrul Evenimentului, pe toata perioada acestuia in intervalele orare 01:00 \u2013 03:00 de la punctele de Topup. Pentru realizarea Refund-ului, Participantul trebuie sa\u0306 prezinte tag-ul s\u0326i sa\u0306 se asigure ca\u0306 aceasta nu prezinta\u0306 urme de compromitere (except\u00e2nd cazurile agreate de Organizator).<\/li><li class=\"li1\">Soldul neutilizat de pe Tag-ul Payvent s\u0326i nereturnat (nefiind solicitata returnarea in perioada stabilita de returnare) ra\u0306m\u00e2n \u00een proprietatea Organizatorului s\u0326i nu pot fi utilizate \u00een cadrul unei alte edit\u0326ii ale Evenimentului.<\/li><\/ul><\/li><\/ol>\t\t\t\t\t<\/div>\n\t\t\t\t\t\t<\/div>\n\t\t\t\t<\/div>\n\t\t\t\t\t\t<\/div>\n\t\t\t\t\t<\/div>\n\t\t<\/div>\n\t\t\t\t\t\t\t\t<\/div>\n\t\t\t\t\t<\/div>\n\t\t<\/section>\n\t\t\t\t\t\t\t\t\t<\/div>\n\t\t\t<\/div>\n\t\t\t\t\t<\/div>\n\t\t","protected":false},"excerpt":{"rendered":"<p>Event rules insert (RO) Politica de achizit\u0326ionare \u00een cadrul Evenimentului In cadrul Evenimentului vor exista puncte de unde Participant\u0326ii pot achizitiona Produsele s\u0326i Serviciile puse la dispozit\u0326ie de ca\u0306tre Organizator sau Partenerii Contractuali. Modalitatea de plata\u0306 pentru Produsele s\u0326i Serviciile oferite \u00een cadrul Evenimentului sunt Tag-urile Payvent, sub forma unor bratari sau carduri. Tag-ul Payvent [&hellip;]<\/p>\n","protected":false},"author":1,"featured_media":0,"parent":0,"menu_order":195,"comment_status":"closed","ping_status":"closed","template":"","meta":{"footnotes":""},"class_list":["post-2919","page","type-page","status-publish","hentry"],"_links":{"self":[{"href":"https:\/\/sunsetfestival.ro\/en\/wp-json\/wp\/v2\/pages\/2919","targetHints":{"allow":["GET"]}}],"collection":[{"href":"https:\/\/sunsetfestival.ro\/en\/wp-json\/wp\/v2\/pages"}],"about":[{"href":"https:\/\/sunsetfestival.ro\/en\/wp-json\/wp\/v2\/types\/page"}],"author":[{"embeddable":true,"href":"https:\/\/sunsetfestival.ro\/en\/wp-json\/wp\/v2\/users\/1"}],"replies":[{"embeddable":true,"href":"https:\/\/sunsetfestival.ro\/en\/wp-json\/wp\/v2\/comments?post=2919"}],"version-history":[{"count":10,"href":"https:\/\/sunsetfestival.ro\/en\/wp-json\/wp\/v2\/pages\/2919\/revisions"}],"predecessor-version":[{"id":2950,"href":"https:\/\/sunsetfestival.ro\/en\/wp-json\/wp\/v2\/pages\/2919\/revisions\/2950"}],"wp:attachment":[{"href":"https:\/\/sunsetfestival.ro\/en\/wp-json\/wp\/v2\/media?parent=2919"}],"curies":[{"name":"wp","href":"https:\/\/api.w.org\/{rel}","templated":true}]}}