{"id":2912,"date":"2023-08-09T18:39:46","date_gmt":"2023-08-09T15:39:46","guid":{"rendered":"https:\/\/sunsetfestival.ro\/?page_id=2912"},"modified":"2023-08-09T20:09:38","modified_gmt":"2023-08-09T17:09:38","slug":"cashless-quick-info-ro","status":"publish","type":"page","link":"https:\/\/sunsetfestival.ro\/en\/cashless-quick-info-ro\/","title":{"rendered":"Cashless quick info (RO)"},"content":{"rendered":"\t\t<div data-elementor-type=\"wp-page\" data-elementor-id=\"2912\" class=\"elementor elementor-2912\" data-elementor-post-type=\"page\">\n\t\t\t\t\t\t<div class=\"elementor-inner\">\n\t\t\t\t<div class=\"elementor-section-wrap\">\n\t\t\t\t\t\t\t\t\t<section class=\"elementor-section elementor-top-section elementor-element elementor-element-26882ba elementor-section-boxed elementor-section-height-default elementor-section-height-default\" data-id=\"26882ba\" data-element_type=\"section\">\n\t\t\t\t\t\t<div class=\"elementor-container elementor-column-gap-default\">\n\t\t\t\t\t\t\t<div class=\"elementor-row\">\n\t\t\t\t\t<div class=\"elementor-column elementor-col-100 elementor-top-column elementor-element elementor-element-ca93a36\" data-id=\"ca93a36\" data-element_type=\"column\">\n\t\t\t<div class=\"elementor-column-wrap elementor-element-populated\">\n\t\t\t\t\t\t\t<div class=\"elementor-widget-wrap\">\n\t\t\t\t\t\t<div class=\"elementor-element elementor-element-b5e8e19 elementor-widget elementor-widget-heading\" data-id=\"b5e8e19\" data-element_type=\"widget\" data-widget_type=\"heading.default\">\n\t\t\t\t<div class=\"elementor-widget-container\">\n\t\t\t<h2 class=\"elementor-heading-title elementor-size-default\">Cashless quick info (RO)<\/h2>\t\t<\/div>\n\t\t\t\t<\/div>\n\t\t\t\t<div class=\"elementor-element elementor-element-db001f8 elementor-widget elementor-widget-text-editor\" data-id=\"db001f8\" data-element_type=\"widget\" data-widget_type=\"text-editor.default\">\n\t\t\t\t<div class=\"elementor-widget-container\">\n\t\t\t\t\t\t\t\t<div class=\"elementor-text-editor elementor-clearfix\">\n\t\t\t\t<p class=\"p1\">Evenimentul Sunset Festival 2023 este un eveniment 100% cashless! Ca parte a unui sistem confortabil, cashless, vei pl\u0103ti pentru m\u00e2ncare \u0219i b\u0103uturi \u0219i alte produse, folosind cardul de plat\u0103.<\/p><p class=\"p1\">Ia-ti g\u00e2ndul de la cash, concentreaz\u0103-te pe lucrurile importante din aceste zile \u2013 distrac\u021bie, muzic\u0103 bun\u0103 si prieteni, toate cu vibe de festival.<\/p><ul class=\"ul1\"><li class=\"li1\">Poti ridica un card de plat\u0103 de la punctele de \u00eenc\u0103rcare (TOP-UP POINT) semnalizate din cadrul evenimentului. Cardul \u00eel po\u021bi \u00eenc\u0103rca folosind numerar sau card bancar. Emiterea unui card costa 5 lei si se va retine doar de la prima incarcare.<\/li><li class=\"li1\">La baruri sau vendori nu vei putea pl\u0103ti cu numerar sau card, doar cardul de plat\u0103 este acceptat.<\/li><li class=\"li1\">\u00ce\u021bi po\u021bi \u00eenc\u0103rca cardul cu orice sum\u0103, pentru ca vei putea retrage ce nu ai cheltuit. Po\u021bi face refund de la orice TOP-UP POINT dupa cum urmeaza: in fiecare zi de eveniment in intervalul 01:00 \u2013 03:00;<\/li><li class=\"li1\">Po\u021bi verifica soldul cardului la orice punct de \u00eenc\u0103rcare sau la oricare vendor \u0219i nu \u00ee\u021bi face griji dac\u0103 r\u0103m\u00e2i f\u0103r\u0103 credit &#8211; po\u021bi \u00eenc\u0103rca din nou cu numerar sau cu un card la orice TOP-UP POINT!<\/li><li class=\"li1\">Ai grij\u0103 de cardul de plat\u0103. Organizatorul nu \u00ee\u021bi asuma responsabilitatea pentru lucrurile pe care le pierzi in perimetrul evenimentului, inclusiv cardul de plat\u0103.<\/li><li class=\"li1\">Cardul de plat\u0103 se supune \u201e<span class=\"s2\"><i>Termenilor \u0219i condi\u021biile generale pentru Tag-ul Payvent<\/i><\/span>\u201d care pot fi consultate \u00een orice moment pe site-ul evenimentului.<span class=\"Apple-converted-space\">\u00a0<\/span><\/li><\/ul>\t\t\t\t\t<\/div>\n\t\t\t\t\t\t<\/div>\n\t\t\t\t<\/div>\n\t\t\t\t\t\t<\/div>\n\t\t\t\t\t<\/div>\n\t\t<\/div>\n\t\t\t\t\t\t\t\t<\/div>\n\t\t\t\t\t<\/div>\n\t\t<\/section>\n\t\t\t\t\t\t\t\t\t<\/div>\n\t\t\t<\/div>\n\t\t\t\t\t<\/div>\n\t\t","protected":false},"excerpt":{"rendered":"<p>Cashless quick info (RO) Evenimentul Sunset Festival 2023 este un eveniment 100% cashless! Ca parte a unui sistem confortabil, cashless, vei pl\u0103ti pentru m\u00e2ncare \u0219i b\u0103uturi \u0219i alte produse, folosind cardul de plat\u0103. Ia-ti g\u00e2ndul de la cash, concentreaz\u0103-te pe lucrurile importante din aceste zile \u2013 distrac\u021bie, muzic\u0103 bun\u0103 si prieteni, toate cu vibe de [&hellip;]<\/p>\n","protected":false},"author":1,"featured_media":0,"parent":0,"menu_order":190,"comment_status":"closed","ping_status":"closed","template":"","meta":{"footnotes":""},"class_list":["post-2912","page","type-page","status-publish","hentry"],"_links":{"self":[{"href":"https:\/\/sunsetfestival.ro\/en\/wp-json\/wp\/v2\/pages\/2912","targetHints":{"allow":["GET"]}}],"collection":[{"href":"https:\/\/sunsetfestival.ro\/en\/wp-json\/wp\/v2\/pages"}],"about":[{"href":"https:\/\/sunsetfestival.ro\/en\/wp-json\/wp\/v2\/types\/page"}],"author":[{"embeddable":true,"href":"https:\/\/sunsetfestival.ro\/en\/wp-json\/wp\/v2\/users\/1"}],"replies":[{"embeddable":true,"href":"https:\/\/sunsetfestival.ro\/en\/wp-json\/wp\/v2\/comments?post=2912"}],"version-history":[{"count":9,"href":"https:\/\/sunsetfestival.ro\/en\/wp-json\/wp\/v2\/pages\/2912\/revisions"}],"predecessor-version":[{"id":2947,"href":"https:\/\/sunsetfestival.ro\/en\/wp-json\/wp\/v2\/pages\/2912\/revisions\/2947"}],"wp:attachment":[{"href":"https:\/\/sunsetfestival.ro\/en\/wp-json\/wp\/v2\/media?parent=2912"}],"curies":[{"name":"wp","href":"https:\/\/api.w.org\/{rel}","templated":true}]}}